{"id":6,"date":"2023-10-04T19:16:08","date_gmt":"2023-10-04T17:16:08","guid":{"rendered":"http:\/\/www.penaz.cz\/?page_id=6"},"modified":"2024-02-05T14:01:06","modified_gmt":"2024-02-05T13:01:06","slug":"kancelar","status":"publish","type":"page","link":"https:\/\/www.penaz.cz\/?page_id=6","title":{"rendered":"Kancel\u00e1\u0159"},"content":{"rendered":"\t\t<div data-elementor-type=\"wp-page\" data-elementor-id=\"6\" class=\"elementor elementor-6\">\n\t\t\t\t\t\t\t<div class=\"elementor-element elementor-element-036cbe2 e-flex e-con-boxed e-con e-parent\" data-id=\"036cbe2\" data-element_type=\"container\" data-settings=\"{&quot;content_width&quot;:&quot;boxed&quot;}\" data-core-v316-plus=\"true\">\n\t\t\t\t\t<div class=\"e-con-inner\">\n\t\t\t\t<div class=\"elementor-element elementor-element-53c1d9b elementor-widget elementor-widget-spacer\" data-id=\"53c1d9b\" data-element_type=\"widget\" data-widget_type=\"spacer.default\">\n\t\t\t\t<div class=\"elementor-widget-container\">\n\t\t\t<style>\/*! elementor - v3.18.0 - 08-12-2023 *\/\n.elementor-column .elementor-spacer-inner{height:var(--spacer-size)}.e-con{--container-widget-width:100%}.e-con-inner>.elementor-widget-spacer,.e-con>.elementor-widget-spacer{width:var(--container-widget-width,var(--spacer-size));--align-self:var(--container-widget-align-self,initial);--flex-shrink:0}.e-con-inner>.elementor-widget-spacer>.elementor-widget-container,.e-con>.elementor-widget-spacer>.elementor-widget-container{height:100%;width:100%}.e-con-inner>.elementor-widget-spacer>.elementor-widget-container>.elementor-spacer,.e-con>.elementor-widget-spacer>.elementor-widget-container>.elementor-spacer{height:100%}.e-con-inner>.elementor-widget-spacer>.elementor-widget-container>.elementor-spacer>.elementor-spacer-inner,.e-con>.elementor-widget-spacer>.elementor-widget-container>.elementor-spacer>.elementor-spacer-inner{height:var(--container-widget-height,var(--spacer-size))}.e-con-inner>.elementor-widget-spacer.elementor-widget-empty,.e-con>.elementor-widget-spacer.elementor-widget-empty{position:relative;min-height:22px;min-width:22px}.e-con-inner>.elementor-widget-spacer.elementor-widget-empty .elementor-widget-empty-icon,.e-con>.elementor-widget-spacer.elementor-widget-empty .elementor-widget-empty-icon{position:absolute;top:0;bottom:0;left:0;right:0;margin:auto;padding:0;width:22px;height:22px}<\/style>\t\t<div class=\"elementor-spacer\">\n\t\t\t<div class=\"elementor-spacer-inner\"><\/div>\n\t\t<\/div>\n\t\t\t\t<\/div>\n\t\t\t\t<\/div>\n\t\t\t\t\t<\/div>\n\t\t\t\t<\/div>\n\t\t<div class=\"elementor-element elementor-element-3793518 e-flex e-con-boxed e-con e-parent\" data-id=\"3793518\" data-element_type=\"container\" data-settings=\"{&quot;content_width&quot;:&quot;boxed&quot;}\" data-core-v316-plus=\"true\">\n\t\t\t\t\t<div class=\"e-con-inner\">\n\t\t\t\t<div class=\"elementor-element elementor-element-215cc64b elementor-widget elementor-widget-text-editor\" data-id=\"215cc64b\" data-element_type=\"widget\" data-widget_type=\"text-editor.default\">\n\t\t\t\t<div class=\"elementor-widget-container\">\n\t\t\t<style>\/*! elementor - v3.18.0 - 08-12-2023 *\/\n.elementor-widget-text-editor.elementor-drop-cap-view-stacked .elementor-drop-cap{background-color:#69727d;color:#fff}.elementor-widget-text-editor.elementor-drop-cap-view-framed .elementor-drop-cap{color:#69727d;border:3px solid;background-color:transparent}.elementor-widget-text-editor:not(.elementor-drop-cap-view-default) .elementor-drop-cap{margin-top:8px}.elementor-widget-text-editor:not(.elementor-drop-cap-view-default) .elementor-drop-cap-letter{width:1em;height:1em}.elementor-widget-text-editor .elementor-drop-cap{float:left;text-align:center;line-height:1;font-size:50px}.elementor-widget-text-editor .elementor-drop-cap-letter{display:inline-block}<\/style>\t\t\t\t<p style=\"text-align:justify\">Dnem 01.07.1990 vznikla \u010cesk&aacute; advok&aacute;tn&iacute; komora, jako nez&aacute;visl&aacute; stavovsk&aacute; organizace advok&aacute;t\u016f garantuj&iacute;c&iacute; z&aacute;konnost, odbornost a etiku poskytov&aacute;n&iacute; pr&aacute;vn&iacute;ch slu\u017eeb. T&eacute;ho\u017e dne se stal jej&iacute;m \u010dlenem i advok&aacute;t JUDr. V&aacute;clav Pe\u0148&aacute;z, zapsan&yacute; do <a href=\"http:\/\/www.cak.cz\">\u010cesk&eacute; advok&aacute;tn&iacute; komory<\/a> pod po\u0159adov&yacute;m \u010d&iacute;slem 00484.<\/p>\n\n<p style=\"text-align:justify\">Od &uacute;nora 2009 s&iacute;dl&iacute; na&scaron;e kancel&aacute;\u0159 v nov&yacute;ch prostor&aacute;ch v Brn\u011b, Peka\u0159sk&aacute; 13, kter&eacute; byly upraveny majitelem objektu dle provozn&iacute;ch po\u017eadavk\u016f kancel&aacute;\u0159e p\u0159i celkov&eacute; rekonstrukci nemovitost&iacute; Peka\u0159sk&aacute; 13\/Kope\u010dn&aacute; 54. Vzniklo tak nov&eacute;, reprezentativn&iacute; a perspektivn&iacute; s&iacute;dlo advok&aacute;tn&iacute; kancel&aacute;\u0159e odpov&iacute;daj&iacute;c&iacute; jej&iacute;mu postaven&iacute; na trhu pr&aacute;vn&iacute;ch slu\u017eeb.<\/p>\n\n<p style=\"text-align:justify\">Vkusn&aacute; a zda\u0159il&aacute; rekonstrukce secesn&iacute;ho objektu Peka\u0159sk&aacute; 13\/Kope\u010dn&aacute; 54 byla vlastn&iacute;kem domu realizov&aacute;na podle projektu brn\u011bnsk&eacute;ho architekta Ing.arch.Jana Keitha. Autorem st&aacute;vaj&iacute;c&iacute;ho interi&eacute;ru advok&aacute;tn&iacute; kancel&aacute;\u0159e je dal&scaron;&iacute; brn\u011bnsk&yacute; architekt Ing.arch. Tomislav Herman. Prostory vybavila n&aacute;bytkem spole\u010dnost Vincent s.r.o. a atypick&eacute; \u010d&aacute;sti interi&eacute;ru jsou d&iacute;lem truhl&aacute;\u0159sk&eacute; firmy Sa&scaron;a Petkovi\u010d. Obrazy do interi&eacute;ru kancel&aacute;\u0159e zhotovila v&yacute;tvarnice Ilona Malinov&aacute;. Technick&eacute; a komunika\u010dn&iacute; z&aacute;zem&iacute; kancel&aacute;\u0159e vytvo\u0159ily firmy K- net Technical International Group, s.r.o. a Stegos, s.r.o.<\/p>\n<!-- \/wp:paragraph -->\t\t\t\t\t\t<\/div>\n\t\t\t\t<\/div>\n\t\t\t\t\t<\/div>\n\t\t\t\t<\/div>\n\t\t<div class=\"elementor-element elementor-element-2616598 e-flex e-con-boxed e-con e-parent\" data-id=\"2616598\" data-element_type=\"container\" data-settings=\"{&quot;content_width&quot;:&quot;boxed&quot;}\" data-core-v316-plus=\"true\">\n\t\t\t\t\t<div class=\"e-con-inner\">\n\t\t\t\t<div class=\"elementor-element elementor-element-3c9bc65 elementor-widget__width-inherit elementor-widget elementor-widget-shortcode\" data-id=\"3c9bc65\" data-element_type=\"widget\" data-widget_type=\"shortcode.default\">\n\t\t\t\t<div class=\"elementor-widget-container\">\n\t\t\t\t\t<div class=\"elementor-shortcode\">\t<!-- CSS Part Start From Here-->\n\t<style>\n\t\t#animated-thumbnails-420 a {\n\t\t\ttext-decoration: none !important;\n\t\t\tbox-shadow: 0 0px 0 0 currentcolor !important;\n\t\t}\n\t\t\t\t\n\t\t\t#animated-thumbnails-420 img {\n\t\t\t\twidth: 100% !important;\n\t\t\t\theight: auto !important;\n\t\t\t}\n\n\t\t\t.lg-icon {\n\t\t\t\tcolor :  !important;\n\t\t\t}\n\t\t\t.pg-title {\n\t\t\t\tcolor:  !important;\n\t\t\t}\n\t\t\t<\/style>\n\t\t<div id=\"animated-thumbnails-420\" class=\"row all-images-420\">\n\t\t\t\t\t\t\t\t\t\t\t\t<a href=\"https:\/\/www.penaz.cz\/wp-content\/uploads\/2023\/11\/chodba.jpg\" class=\"single-image-420 col-lg-3 col-md-3 col-sm-4 col-xs-6\" data-sub-html=\"<h4 class=pg-title>chodba<\/h4>\">\n\t\t\t\t\t\t<img decoding=\"async\" class=\"thumbnail \" src=\"https:\/\/www.penaz.cz\/wp-content\/uploads\/2023\/11\/chodba-300x225.jpg\"  alt=\"chodba\"\/>\n\t\t\t\t\t<\/a>\n\t\t\t\t\t\t\t\t\t\t\n\t\t\t\t\t\t\t\t\t\t\n\t\t\t\t\t\t\t\t\t\t\t\t\t\t<a href=\"https:\/\/www.penaz.cz\/wp-content\/uploads\/2023\/11\/kancelar6.jpg\" class=\"single-image-420 col-lg-3 col-md-3 col-sm-4 col-xs-6\" data-sub-html=\"<h4 class=pg-title>kancelar6<\/h4>\">\n\t\t\t\t\t\t<img decoding=\"async\" class=\"thumbnail \" src=\"https:\/\/www.penaz.cz\/wp-content\/uploads\/2023\/11\/kancelar6-300x225.jpg\"  alt=\"kancelar6\"\/>\n\t\t\t\t\t<\/a>\n\t\t\t\t\t\t\t\t\t\t\n\t\t\t\t\t\t\t\t\t\t\n\t\t\t\t\t\t\t\t\t\t\t\t\t\t<a href=\"https:\/\/www.penaz.cz\/wp-content\/uploads\/2023\/11\/kancelar2.jpg\" class=\"single-image-420 col-lg-3 col-md-3 col-sm-4 col-xs-6\" data-sub-html=\"<h4 class=pg-title>kancelar2<\/h4>\">\n\t\t\t\t\t\t<img decoding=\"async\" class=\"thumbnail \" src=\"https:\/\/www.penaz.cz\/wp-content\/uploads\/2023\/11\/kancelar2-300x225.jpg\"  alt=\"kancelar2\"\/>\n\t\t\t\t\t<\/a>\n\t\t\t\t\t\t\t\t\t\t\n\t\t\t\t\t\t\t\t\t\t\n\t\t\t\t\t\t\t\t\t\t\t\t\t\t<a href=\"https:\/\/www.penaz.cz\/wp-content\/uploads\/2023\/11\/kancelar3.jpg\" class=\"single-image-420 col-lg-3 col-md-3 col-sm-4 col-xs-6\" data-sub-html=\"<h4 class=pg-title>kancelar3<\/h4>\">\n\t\t\t\t\t\t<img decoding=\"async\" class=\"thumbnail \" src=\"https:\/\/www.penaz.cz\/wp-content\/uploads\/2023\/11\/kancelar3-300x225.jpg\"  alt=\"kancelar3\"\/>\n\t\t\t\t\t<\/a>\n\t\t\t\t\t\t\t\t\t\t\n\t\t\t\t\t\t\t\t\t\t\n\t\t\t\t\t\t\t\t\t\t\t\t\t\t<a href=\"https:\/\/www.penaz.cz\/wp-content\/uploads\/2023\/11\/kancelar4.jpg\" class=\"single-image-420 col-lg-3 col-md-3 col-sm-4 col-xs-6\" data-sub-html=\"<h4 class=pg-title>kancelar4<\/h4>\">\n\t\t\t\t\t\t<img decoding=\"async\" class=\"thumbnail \" src=\"https:\/\/www.penaz.cz\/wp-content\/uploads\/2023\/11\/kancelar4-300x225.jpg\"  alt=\"kancelar4\"\/>\n\t\t\t\t\t<\/a>\n\t\t\t\t\t\t\t\t\t\t\n\t\t\t\t\t\t\t\t\t\t\n\t\t\t\t\t\t\t\t\t\t\t\t\t\t<a href=\"https:\/\/www.penaz.cz\/wp-content\/uploads\/2023\/11\/kancelar.jpg\" class=\"single-image-420 col-lg-3 col-md-3 col-sm-4 col-xs-6\" data-sub-html=\"<h4 class=pg-title>kancelar<\/h4>\">\n\t\t\t\t\t\t<img decoding=\"async\" class=\"thumbnail \" src=\"https:\/\/www.penaz.cz\/wp-content\/uploads\/2023\/11\/kancelar-300x225.jpg\"  alt=\"kancelar\"\/>\n\t\t\t\t\t<\/a>\n\t\t\t\t\t\t\t\t\t\t\n\t\t\t\t\t\t\t\t\t\t\n\t\t\t\t\t\t\t\t\t\t\t\t\t\t<a href=\"https:\/\/www.penaz.cz\/wp-content\/uploads\/2023\/11\/kancelar5.jpg\" class=\"single-image-420 col-lg-3 col-md-3 col-sm-4 col-xs-6\" data-sub-html=\"<h4 class=pg-title>kancelar5<\/h4>\">\n\t\t\t\t\t\t<img decoding=\"async\" class=\"thumbnail \" src=\"https:\/\/www.penaz.cz\/wp-content\/uploads\/2023\/11\/kancelar5-300x225.jpg\"  alt=\"kancelar5\"\/>\n\t\t\t\t\t<\/a>\n\t\t\t\t\t\t\t\t\t\t\n\t\t\t\t\t\t\t\t\t\t\n\t\t\t\t\t\t\t\t\t\t\t\t\t\t<a href=\"https:\/\/www.penaz.cz\/wp-content\/uploads\/2023\/11\/sekretariat.jpg\" class=\"single-image-420 col-lg-3 col-md-3 col-sm-4 col-xs-6\" data-sub-html=\"<h4 class=pg-title>sekretariat<\/h4>\">\n\t\t\t\t\t\t<img decoding=\"async\" class=\"thumbnail \" src=\"https:\/\/www.penaz.cz\/wp-content\/uploads\/2023\/11\/sekretariat-300x225.jpg\"  alt=\"sekretariat\"\/>\n\t\t\t\t\t<\/a>\n\t\t\t\t\t\t\t\t\t\t\n\t\t\t\t\t\t\t\t\t\t\n\t\t\t\t\t\t\t\t\t\t\t\t\t\t<a href=\"https:\/\/www.penaz.cz\/wp-content\/uploads\/2023\/11\/sekretariat2.jpg\" class=\"single-image-420 col-lg-3 col-md-3 col-sm-4 col-xs-6\" data-sub-html=\"<h4 class=pg-title>sekretariat2<\/h4>\">\n\t\t\t\t\t\t<img decoding=\"async\" class=\"thumbnail \" src=\"https:\/\/www.penaz.cz\/wp-content\/uploads\/2023\/11\/sekretariat2-300x225.jpg\"  alt=\"sekretariat2\"\/>\n\t\t\t\t\t<\/a>\n\t\t\t\t\t\t\t\t\t\t\n\t\t\t\t\t\t\t\t\t\t\n\t\t\t\t\t\t\t\t\t\t\t\t\t\t<a href=\"https:\/\/www.penaz.cz\/wp-content\/uploads\/2023\/11\/recepce.jpg\" class=\"single-image-420 col-lg-3 col-md-3 col-sm-4 col-xs-6\" data-sub-html=\"<h4 class=pg-title>recepce<\/h4>\">\n\t\t\t\t\t\t<img decoding=\"async\" class=\"thumbnail \" src=\"https:\/\/www.penaz.cz\/wp-content\/uploads\/2023\/11\/recepce-300x225.jpg\"  alt=\"recepce\"\/>\n\t\t\t\t\t<\/a>\n\t\t\t\t\t\t\t\t\t\t\n\t\t\t\t\t\t\t\t\t\t\n\t\t\t\t\t\t\t\t\t\t\t\t\t\t<a href=\"https:\/\/www.penaz.cz\/wp-content\/uploads\/2023\/11\/zasedacka33.jpg\" class=\"single-image-420 col-lg-3 col-md-3 col-sm-4 col-xs-6\" data-sub-html=\"<h4 class=pg-title>zasedacka33<\/h4>\">\n\t\t\t\t\t\t<img decoding=\"async\" class=\"thumbnail \" src=\"https:\/\/www.penaz.cz\/wp-content\/uploads\/2023\/11\/zasedacka33-300x225.jpg\"  alt=\"zasedacka33\"\/>\n\t\t\t\t\t<\/a>\n\t\t\t\t\t\t\t\t\t\t\n\t\t\t\t\t\t\t\t\t\t\n\t\t\t\t\t\t\t\t\t\t\t\t\t\t<a href=\"https:\/\/www.penaz.cz\/wp-content\/uploads\/2023\/11\/zasedacka22.jpg\" class=\"single-image-420 col-lg-3 col-md-3 col-sm-4 col-xs-6\" data-sub-html=\"<h4 class=pg-title>zasedacka22<\/h4>\">\n\t\t\t\t\t\t<img decoding=\"async\" class=\"thumbnail \" src=\"https:\/\/www.penaz.cz\/wp-content\/uploads\/2023\/11\/zasedacka22-300x225.jpg\"  alt=\"zasedacka22\"\/>\n\t\t\t\t\t<\/a>\n\t\t\t\t\t\t\t\t\t\t\n\t\t\t\t\t\t\t\t\t\t\n\t\t\t\t\t<\/div>\n\t<script>\n\t\/\/thumbnail or fixed Size thumbnail\n\t\tjQuery( window ).load(function() {\n\t\t\tjQuery('#animated-thumbnails-420').lightGallery({\n\t\t\t\tthumbnail:true,\n\t\t\t\tanimateThumb: true,\n\t\t\t\t\/\/show and hide thumb setting\n\t\t\t\tshowThumbByDefault: true,\n\t\t\t\tsubHtmlSelectorRelative: true,\n\t\t\t\t\t\t\t});\n\t\t});\t\n<\/script>\n<style>\n.lg-backdrop.in {\n\topacity: 0.85;\n}\n.fixed-size.lg-outer .lg-inner {\n\tbackground-color: #FFF;\n}\n.fixed-size.lg-outer .lg-sub-html {\n\tposition: absolute;\n\ttext-align: left;\n}\n.fixed-size.lg-outer .lg-toolbar {\n\tbackground-color: transparent;\n\theight: 0;\n}\n.fixed-size.lg-outer .lg-toolbar .lg-icon {\n\tcolor: #FFF;\n}\n.fixed-size.lg-outer .lg-img-wrap {\n\tpadding: 12px;\n}\n<\/style>\n<script>\njQuery(document).ready(function () {\n\t\/\/ isotope effect function\n\t\/\/ Method 1 - Initialize Isotope, then trigger layout after each image loads.\n\tvar $grid = jQuery('.all-images-420').isotope({\n\t\t\/\/ options...\n\t\titemSelector: '.single-image-420',\n\t});\n\t\/\/ layout Isotope after each image loads\n\t$grid.imagesLoaded().progress( function() {\n\t\t$grid.isotope('layout');\n\t});\n});\n<\/script>\n<\/div>\n\t\t\t\t<\/div>\n\t\t\t\t<\/div>\n\t\t\t\t\t<\/div>\n\t\t\t\t<\/div>\n\t\t\t\t\t\t\t<\/div>\n\t\t","protected":false},"excerpt":{"rendered":"<p>Dnem 01.07.1990 vznikla \u010cesk&aacute; advok&aacute;tn&iacute; komora, jako nez&aacute;visl&aacute; stavovsk&aacute; organizace advok&aacute;t\u016f garantuj&iacute;c&iacute; z&aacute;konnost, odbornost a etiku poskytov&aacute;n&iacute; pr&aacute;vn&iacute;ch slu\u017eeb. T&eacute;ho\u017e dne se stal jej&iacute;m \u010dlenem i advok&aacute;t JUDr. V&aacute;clav Pe\u0148&aacute;z, zapsan&yacute; do \u010cesk&eacute; advok&aacute;tn&iacute; komory pod po\u0159adov&yacute;m \u010d&iacute;slem 00484. Od &uacute;nora 2009 s&iacute;dl&iacute; na&scaron;e kancel&aacute;\u0159 v nov&yacute;ch prostor&aacute;ch v Brn\u011b, Peka\u0159sk&aacute; 13, kter&eacute; byly upraveny&hellip;&nbsp;<a href=\"https:\/\/www.penaz.cz\/?_light_image_gallery=kancelar\" class=\"\" rel=\"bookmark\">\u010c\u00edst d\u00e1le &raquo;<span class=\"screen-reader-text\">Kancel\u00e1\u0159<\/span><\/a><\/p>\n","protected":false},"author":1,"featured_media":0,"parent":0,"menu_order":0,"comment_status":"closed","ping_status":"closed","template":"","meta":{"neve_meta_sidebar":"","neve_meta_container":"","neve_meta_enable_content_width":"","neve_meta_content_width":0,"neve_meta_title_alignment":"","neve_meta_author_avatar":"","neve_post_elements_order":"","neve_meta_disable_header":"","neve_meta_disable_footer":"","neve_meta_disable_title":"","footnotes":""},"class_list":["post-6","page","type-page","status-publish","hentry"],"_links":{"self":[{"href":"https:\/\/www.penaz.cz\/index.php?rest_route=\/wp\/v2\/pages\/6","targetHints":{"allow":["GET"]}}],"collection":[{"href":"https:\/\/www.penaz.cz\/index.php?rest_route=\/wp\/v2\/pages"}],"about":[{"href":"https:\/\/www.penaz.cz\/index.php?rest_route=\/wp\/v2\/types\/page"}],"author":[{"embeddable":true,"href":"https:\/\/www.penaz.cz\/index.php?rest_route=\/wp\/v2\/users\/1"}],"replies":[{"embeddable":true,"href":"https:\/\/www.penaz.cz\/index.php?rest_route=%2Fwp%2Fv2%2Fcomments&post=6"}],"version-history":[{"count":56,"href":"https:\/\/www.penaz.cz\/index.php?rest_route=\/wp\/v2\/pages\/6\/revisions"}],"predecessor-version":[{"id":442,"href":"https:\/\/www.penaz.cz\/index.php?rest_route=\/wp\/v2\/pages\/6\/revisions\/442"}],"wp:attachment":[{"href":"https:\/\/www.penaz.cz\/index.php?rest_route=%2Fwp%2Fv2%2Fmedia&parent=6"}],"curies":[{"name":"wp","href":"https:\/\/api.w.org\/{rel}","templated":true}]}}