{"id":18,"date":"2023-10-04T19:36:46","date_gmt":"2023-10-04T17:36:46","guid":{"rendered":"http:\/\/www.penaz.cz\/?page_id=18"},"modified":"2024-02-29T10:07:34","modified_gmt":"2024-02-29T09:07:34","slug":"ceny-a-tarify","status":"publish","type":"page","link":"https:\/\/www.penaz.cz\/?page_id=18","title":{"rendered":"Ceny\/Tarify"},"content":{"rendered":"\t\t<div data-elementor-type=\"wp-page\" data-elementor-id=\"18\" class=\"elementor elementor-18\">\n\t\t\t\t\t\t\t<div class=\"elementor-element elementor-element-9bd53bc e-flex e-con-boxed e-con e-parent\" data-id=\"9bd53bc\" data-element_type=\"container\" data-settings=\"{&quot;content_width&quot;:&quot;boxed&quot;}\" data-core-v316-plus=\"true\">\n\t\t\t\t\t<div class=\"e-con-inner\">\n\t\t\t\t<div class=\"elementor-element elementor-element-850734e elementor-widget elementor-widget-spacer\" data-id=\"850734e\" data-element_type=\"widget\" data-widget_type=\"spacer.default\">\n\t\t\t\t<div class=\"elementor-widget-container\">\n\t\t\t<style>\/*! elementor - v3.18.0 - 08-12-2023 *\/\n.elementor-column .elementor-spacer-inner{height:var(--spacer-size)}.e-con{--container-widget-width:100%}.e-con-inner>.elementor-widget-spacer,.e-con>.elementor-widget-spacer{width:var(--container-widget-width,var(--spacer-size));--align-self:var(--container-widget-align-self,initial);--flex-shrink:0}.e-con-inner>.elementor-widget-spacer>.elementor-widget-container,.e-con>.elementor-widget-spacer>.elementor-widget-container{height:100%;width:100%}.e-con-inner>.elementor-widget-spacer>.elementor-widget-container>.elementor-spacer,.e-con>.elementor-widget-spacer>.elementor-widget-container>.elementor-spacer{height:100%}.e-con-inner>.elementor-widget-spacer>.elementor-widget-container>.elementor-spacer>.elementor-spacer-inner,.e-con>.elementor-widget-spacer>.elementor-widget-container>.elementor-spacer>.elementor-spacer-inner{height:var(--container-widget-height,var(--spacer-size))}.e-con-inner>.elementor-widget-spacer.elementor-widget-empty,.e-con>.elementor-widget-spacer.elementor-widget-empty{position:relative;min-height:22px;min-width:22px}.e-con-inner>.elementor-widget-spacer.elementor-widget-empty .elementor-widget-empty-icon,.e-con>.elementor-widget-spacer.elementor-widget-empty .elementor-widget-empty-icon{position:absolute;top:0;bottom:0;left:0;right:0;margin:auto;padding:0;width:22px;height:22px}<\/style>\t\t<div class=\"elementor-spacer\">\n\t\t\t<div class=\"elementor-spacer-inner\"><\/div>\n\t\t<\/div>\n\t\t\t\t<\/div>\n\t\t\t\t<\/div>\n\t\t\t\t\t<\/div>\n\t\t\t\t<\/div>\n\t\t<div class=\"elementor-element elementor-element-31ac3107 e-flex e-con-boxed e-con e-parent\" data-id=\"31ac3107\" data-element_type=\"container\" data-settings=\"{&quot;content_width&quot;:&quot;boxed&quot;}\" data-core-v316-plus=\"true\">\n\t\t\t\t\t<div class=\"e-con-inner\">\n\t\t\t\t<div class=\"elementor-element elementor-element-6e5e26cd elementor-widget elementor-widget-text-editor\" data-id=\"6e5e26cd\" data-element_type=\"widget\" data-widget_type=\"text-editor.default\">\n\t\t\t\t<div class=\"elementor-widget-container\">\n\t\t\t<style>\/*! elementor - v3.18.0 - 08-12-2023 *\/\n.elementor-widget-text-editor.elementor-drop-cap-view-stacked .elementor-drop-cap{background-color:#69727d;color:#fff}.elementor-widget-text-editor.elementor-drop-cap-view-framed .elementor-drop-cap{color:#69727d;border:3px solid;background-color:transparent}.elementor-widget-text-editor:not(.elementor-drop-cap-view-default) .elementor-drop-cap{margin-top:8px}.elementor-widget-text-editor:not(.elementor-drop-cap-view-default) .elementor-drop-cap-letter{width:1em;height:1em}.elementor-widget-text-editor .elementor-drop-cap{float:left;text-align:center;line-height:1;font-size:50px}.elementor-widget-text-editor .elementor-drop-cap-letter{display:inline-block}<\/style>\t\t\t\t<p style=\"text-align:justify\">Ceny advok&aacute;tn&iacute;ch slu\u017eeb jsou cenami smluvn&iacute;mi. V&yacute;&scaron;e odm\u011bny se odv&iacute;j&iacute; od hodnoty a slo\u017eitosti v\u011bci,a ve kter&eacute; je pr&aacute;vn&iacute; slu\u017eba poskytov&aacute;na. Odm\u011bna m\u016f\u017ee b&yacute;t sjedn&aacute;na bu\u010f pevnou \u010d&aacute;stkou, nebo pod&iacute;lem na v&yacute;sledku v\u011bci nebo hodinovou sazbou. Nen&iacute;- li odm\u011bna sjedn&aacute;na, m&aacute; advok&aacute;t pr&aacute;vo na minim&aacute;ln&iacute; odm\u011bnu stanovenou pro dan&yacute; typ kauzy advok&aacute;tn&iacute;m tarifem, tj. vyhl&aacute;&scaron;kou Ministerstva spravedlnosti \u010cR \u010d. 177\/1996 Sb. o odm\u011bn&aacute;ch advok&aacute;t\u016f a n&aacute;hrad&aacute;ch advok&aacute;t\u016f za poskytov&aacute;n&iacute; pr&aacute;vn&iacute;ch slu\u017eeb. Aktu&aacute;ln&iacute; zn\u011bn&iacute; advok&aacute;tn&iacute;ho tarifu naleznete <a href=\"http:\/\/www.cak.cz\/scripts\/detail.php?id=43\" rel=\"noreferrer noopener\" target=\"_blank\"><strong>zde<\/strong><\/a>.<\/p>\n<p style=\"text-align:justify\"><strong>Na&scaron;e advok&aacute;tn&iacute; kancel&aacute;\u0159 ka\u017edop&aacute;dn\u011b zast&aacute;v&aacute; ve sv&eacute; cenov&eacute; politice ji\u017e od sv&eacute;ho vzniku z&aacute;sadu proporcionality. To znamen&aacute;, \u017ee &uacute;\u010dtovan&aacute; cena a odveden&yacute; v&yacute;kon mus&iacute; b&yacute;t v\u017edy v souladu.<\/strong><\/p>\n<p style=\"text-align:justify\">Minim&aacute;ln&iacute; cenu pr&aacute;vn&iacute;ch slu\u017eeb advok&aacute;ta stanovuje advok&aacute;tn&iacute; tarif. Ni\u017e&scaron;&iacute; ceny slu\u017eeb nelze podle stavovsk&yacute;ch p\u0159edpis\u016f \u010cAK klientovi &uacute;\u010dtovat. Klientovi v&scaron;ak m\u016f\u017ee advok&aacute;t poskytnout slevu a\u017e do v&yacute;&scaron;e 50% jeho odm\u011bny.<\/p>\n<p style=\"text-align:justify\">Je- li s klientem cena sjedn&aacute;v&aacute;na v hodinov&eacute; sazb\u011b, pak z&aacute;kladn&iacute; cena ve v\u011bcech obchodn&iacute;ch \u010din&iacute; 3.000,&#8211; K\u010d\/hod + DPH a v ostatn&iacute;ch v\u011bcech 2.000,&#8211; K\u010d\/hod. +&nbsp;DPH. P\u0159i zastupov&aacute;n&iacute; klient\u016f v civiln&iacute;m \u0159&iacute;zen&iacute; jsou v\u016f\u010di protistran\u011b &uacute;\u010dtov&aacute;ny n&aacute;klady \u0159&iacute;zen&iacute; podle advok&aacute;tn&iacute;ho tarifu.<\/p>\n\t\t\t\t\t\t<\/div>\n\t\t\t\t<\/div>\n\t\t\t\t\t<\/div>\n\t\t\t\t<\/div>\n\t\t\t\t\t\t\t<\/div>\n\t\t","protected":false},"excerpt":{"rendered":"<p>Ceny advok&aacute;tn&iacute;ch slu\u017eeb jsou cenami smluvn&iacute;mi. V&yacute;&scaron;e odm\u011bny se odv&iacute;j&iacute; od hodnoty a slo\u017eitosti v\u011bci,a ve kter&eacute; je pr&aacute;vn&iacute; slu\u017eba poskytov&aacute;na. Odm\u011bna m\u016f\u017ee b&yacute;t sjedn&aacute;na bu\u010f pevnou \u010d&aacute;stkou, nebo pod&iacute;lem na v&yacute;sledku v\u011bci nebo hodinovou sazbou. Nen&iacute;- li odm\u011bna sjedn&aacute;na, m&aacute; advok&aacute;t pr&aacute;vo na minim&aacute;ln&iacute; odm\u011bnu stanovenou pro dan&yacute; typ kauzy advok&aacute;tn&iacute;m tarifem, tj. vyhl&aacute;&scaron;kou&hellip;&nbsp;<a href=\"https:\/\/www.penaz.cz\/?page_id=18\" class=\"\" rel=\"bookmark\">\u010c\u00edst d\u00e1le &raquo;<span class=\"screen-reader-text\">Ceny\/Tarify<\/span><\/a><\/p>\n","protected":false},"author":1,"featured_media":0,"parent":0,"menu_order":0,"comment_status":"closed","ping_status":"closed","template":"","meta":{"neve_meta_sidebar":"","neve_meta_container":"","neve_meta_enable_content_width":"","neve_meta_content_width":0,"neve_meta_title_alignment":"","neve_meta_author_avatar":"","neve_post_elements_order":"","neve_meta_disable_header":"","neve_meta_disable_footer":"","neve_meta_disable_title":"","footnotes":""},"class_list":["post-18","page","type-page","status-publish","hentry"],"_links":{"self":[{"href":"https:\/\/www.penaz.cz\/index.php?rest_route=\/wp\/v2\/pages\/18","targetHints":{"allow":["GET"]}}],"collection":[{"href":"https:\/\/www.penaz.cz\/index.php?rest_route=\/wp\/v2\/pages"}],"about":[{"href":"https:\/\/www.penaz.cz\/index.php?rest_route=\/wp\/v2\/types\/page"}],"author":[{"embeddable":true,"href":"https:\/\/www.penaz.cz\/index.php?rest_route=\/wp\/v2\/users\/1"}],"replies":[{"embeddable":true,"href":"https:\/\/www.penaz.cz\/index.php?rest_route=%2Fwp%2Fv2%2Fcomments&post=18"}],"version-history":[{"count":17,"href":"https:\/\/www.penaz.cz\/index.php?rest_route=\/wp\/v2\/pages\/18\/revisions"}],"predecessor-version":[{"id":448,"href":"https:\/\/www.penaz.cz\/index.php?rest_route=\/wp\/v2\/pages\/18\/revisions\/448"}],"wp:attachment":[{"href":"https:\/\/www.penaz.cz\/index.php?rest_route=%2Fwp%2Fv2%2Fmedia&parent=18"}],"curies":[{"name":"wp","href":"https:\/\/api.w.org\/{rel}","templated":true}]}}