{"id":11,"date":"2023-10-04T19:32:06","date_gmt":"2023-10-04T17:32:06","guid":{"rendered":"http:\/\/www.penaz.cz\/?page_id=11"},"modified":"2024-02-05T13:36:45","modified_gmt":"2024-02-05T12:36:45","slug":"home","status":"publish","type":"page","link":"https:\/\/www.penaz.cz\/","title":{"rendered":""},"content":{"rendered":"\t\t<div data-elementor-type=\"wp-page\" data-elementor-id=\"11\" class=\"elementor elementor-11\">\n\t\t\t\t\t\t\t<div class=\"elementor-element elementor-element-5f573257 e-flex e-con-boxed e-con e-parent\" data-id=\"5f573257\" data-element_type=\"container\" data-settings=\"{&quot;content_width&quot;:&quot;boxed&quot;}\" data-core-v316-plus=\"true\">\n\t\t\t\t\t<div class=\"e-con-inner\">\n\t\t\t\t<div class=\"elementor-element elementor-element-039b005 elementor-widget elementor-widget-image\" data-id=\"039b005\" data-element_type=\"widget\" data-widget_type=\"image.default\">\n\t\t\t\t<div class=\"elementor-widget-container\">\n\t\t\t<style>\/*! elementor - v3.18.0 - 08-12-2023 *\/\n.elementor-widget-image{text-align:center}.elementor-widget-image a{display:inline-block}.elementor-widget-image a img[src$=\".svg\"]{width:48px}.elementor-widget-image img{vertical-align:middle;display:inline-block}<\/style>\t\t\t\t\t\t\t\t\t\t\t\t<img fetchpriority=\"high\" decoding=\"async\" width=\"891\" height=\"194\" src=\"https:\/\/www.penaz.cz\/wp-content\/uploads\/2023\/12\/penaz.png\" class=\"attachment-large size-large wp-image-288\" alt=\"\" srcset=\"https:\/\/www.penaz.cz\/wp-content\/uploads\/2023\/12\/penaz.png 891w, https:\/\/www.penaz.cz\/wp-content\/uploads\/2023\/12\/penaz-300x65.png 300w, https:\/\/www.penaz.cz\/wp-content\/uploads\/2023\/12\/penaz-768x167.png 768w\" sizes=\"(max-width: 891px) 100vw, 891px\" \/>\t\t\t\t\t\t\t\t\t\t\t\t\t\t\t<\/div>\n\t\t\t\t<\/div>\n\t\t\t\t\t<\/div>\n\t\t\t\t<\/div>\n\t\t<div class=\"elementor-element elementor-element-01e1086 e-flex e-con-boxed e-con e-parent\" data-id=\"01e1086\" data-element_type=\"container\" data-settings=\"{&quot;content_width&quot;:&quot;boxed&quot;}\" data-core-v316-plus=\"true\">\n\t\t\t\t\t<div class=\"e-con-inner\">\n\t\t\t\t<div class=\"elementor-element elementor-element-726df422 elementor-widget elementor-widget-text-editor\" data-id=\"726df422\" data-element_type=\"widget\" data-widget_type=\"text-editor.default\">\n\t\t\t\t<div class=\"elementor-widget-container\">\n\t\t\t<style>\/*! elementor - v3.18.0 - 08-12-2023 *\/\n.elementor-widget-text-editor.elementor-drop-cap-view-stacked .elementor-drop-cap{background-color:#69727d;color:#fff}.elementor-widget-text-editor.elementor-drop-cap-view-framed .elementor-drop-cap{color:#69727d;border:3px solid;background-color:transparent}.elementor-widget-text-editor:not(.elementor-drop-cap-view-default) .elementor-drop-cap{margin-top:8px}.elementor-widget-text-editor:not(.elementor-drop-cap-view-default) .elementor-drop-cap-letter{width:1em;height:1em}.elementor-widget-text-editor .elementor-drop-cap{float:left;text-align:center;line-height:1;font-size:50px}.elementor-widget-text-editor .elementor-drop-cap-letter{display:inline-block}<\/style>\t\t\t\t<h4 style=\"text-align: justify;\"><span style=\"color: #003461;\"><strong>Historie a profil firmy<\/strong><\/span><\/h4><p style=\"text-align: justify;\">Advok\u00e1t JUDr. V\u00e1clav Pe\u0148\u00e1z a jeho kancel\u00e1\u0159 stabiln\u011b a nep\u0159etr\u017eit\u011b p\u016fsob\u00ed na trhu pr\u00e1vn\u00edch slu\u017eeb v \u010cesk\u00e9 republice od roku 1990. S\u00eddlem kancel\u00e1\u0159e je od jej\u00edho zalo\u017een\u00ed Brno. Za dobu sv\u00e9 \u010dinnosti kancel\u00e1\u0159 \u00fasp\u011b\u0161n\u011b \u0159e\u0161ila n\u011bkolik tis\u00edc pr\u00e1vn\u00edch p\u0159\u00edpad\u016f v oblasti obchodn\u00edho, ob\u010dansk\u00e9ho a pracovn\u00edho pr\u00e1va, jako\u017e i\u00a0navazuj\u00edc\u00edch pr\u00e1vn\u00edch obor\u016f. Dobr\u00fdch v\u00fdsledk\u016f v\u0161ak kancel\u00e1\u0159 dosahuje i v oblasti trestn\u00edho pr\u00e1va, i\u00a0kdy\u017e jde pouze o okrajovou \u010d\u00e1st jej\u00edho zam\u011b\u0159en\u00ed. D\u00edky tomu kancel\u00e1\u0159 disponuje rozs\u00e1hl\u00fdm know-how k poskytov\u00e1n\u00ed pr\u00e1vn\u00edch slu\u017eeb.<\/p><p style=\"text-align: justify;\">Z\u00e1kladn\u00edm profilem kancel\u00e1\u0159e je \u00fapln\u00fd pr\u00e1vn\u00ed servis podnikatelsk\u00fdm subjekt\u016fm.<br \/>Tato \u010dinnost zahrnuje\u00a0<strong>agendu statusovou<\/strong>\u00a0(zalo\u017een\u00ed, zm\u011bny a ru\u0161en\u00ed pr\u00e1vnick\u00fdch osob v\u0161ech pr\u00e1vn\u00edch forem, \u017eivnostensk\u00e1 opr\u00e1vn\u011bn\u00ed),\u00a0<strong>agendu obchodn\u011bpr\u00e1vn\u00ed<\/strong>\u00a0(konzultace a sepisov\u00e1n\u00ed smluv a ostatn\u00edch listin k jednotliv\u00fdm obchodn\u00edm p\u0159\u00edpad\u016fm),\u00a0<strong>agendu pohled\u00e1vek<\/strong>\u00a0(vym\u00e1h\u00e1n\u00ed dluh\u016f v\u00fdhradn\u011b pr\u00e1vn\u00ed cestou, v\u010detn\u011b insolven\u010dn\u00edho \u0159\u00edzen\u00ed),\u00a0<strong>agendu pracovn\u011bpr\u00e1vn\u00ed<\/strong>\u00a0(pracovn\u00ed vztahy, skon\u010den\u00ed pracovn\u00edho pom\u011bru, pracovn\u00ed spory, intern\u00ed p\u0159edpisy zam\u011bstnavatel\u016f) a\u00a0<strong>agendu spr\u00e1vn\u00ed<\/strong>\u00a0(pr\u00e1vn\u00ed slu\u017eby ve speci\u00e1ln\u00edch oblastech upravuj\u00edc\u00edch \u010dinnost klient\u016f, nap\u0159. ochrana spot\u0159ebitele, stavebn\u00ed z\u00e1kon, telekomunika\u010dn\u00ed z\u00e1kon, \u017eivotn\u00ed prost\u0159ed\u00ed, apod.)<\/p><p style=\"text-align: justify;\">Kancel\u00e1\u0159 m\u00e1 nav\u00e1z\u00e1nu dlouhodobou spolupr\u00e1ci s celou \u0159adou klient\u016f (viz.reference), kter\u00fdm shora uveden\u00e9 slu\u017eby pravideln\u011b dod\u00e1v\u00e1. Kancel\u00e1\u0159 samoz\u0159ejm\u011b poskytuje pr\u00e1vn\u00ed slu\u017eby v uveden\u00fdch oblastech i\u00a0ostatn\u00edm klient\u016fm jako slu\u017eby jednor\u00e1zov\u00e9 (ad hoc).<\/p><p style=\"text-align: justify;\">Druh\u00fdm z\u00e1kladn\u00edm profilem kancel\u00e1\u0159e je\u00a0<strong>klasick\u00e1 ob\u010danskopr\u00e1vn\u00ed a rodin\u011bpr\u00e1vn\u00ed agenda<\/strong>\u00a0(majetkov\u00e9 spory, bytov\u00e9 pr\u00e1vo, d\u011bdictv\u00ed, kupn\u00ed smlouvy, n\u00e1jemn\u00ed smlouvy, smlouvy o d\u00edlo, rodi\u010dovsk\u00e1 odpov\u011bdnost, rozvod, majetkov\u00e9 vypo\u0159\u00e1d\u00e1n\u00ed man\u017eel\u016f, atd.).<\/p><p style=\"text-align: justify;\">T\u0159et\u00edm rozhoduj\u00edc\u00edm profilem kancel\u00e1\u0159e je\u00a0<strong>specializace<\/strong>. V dan\u00e9m p\u0159\u00edpad\u011b se jedn\u00e1 o pr\u00e1vn\u00ed zaji\u0161\u0165ov\u00e1n\u00ed\u00a0<strong>realitn\u00edch obchod\u016f<\/strong>\u00a0(smlouvy, jejich nav\u00e1z\u00e1n\u00ed na financov\u00e1n\u00ed obchodu bankou, \u00faschovy pen\u011bz a listin, ov\u011b\u0159ov\u00e1n\u00ed podpis\u016f, atd.)\u00a0a\u00a0<strong>developersk\u00fdch projekt\u016f<\/strong>\u00a0(slu\u017eby od n\u00e1kupu pozemk\u016f po pr\u00e1vn\u00ed zavr\u0161en\u00ed cel\u00e9ho projektu) a <strong>telekomunika\u010dn\u00edch projekt\u016f<\/strong> (pozemn\u00ed satelitn\u00ed stanice).<\/p><h4 style=\"text-align: justify;\"><span style=\"color: #003461;\"><strong>Sou\u010dasnost a struktura firmy<\/strong><\/span><\/h4><p style=\"text-align: justify;\">Kancel\u00e1\u0159 s\u00eddl\u00ed ve vkusn\u011b zrekonstruovan\u00e9m secesn\u00edm dom\u011b na ulici Peka\u0159sk\u00e1 13 v Brn\u011b. Cel\u00e9 vstupn\u00ed podla\u017e\u00ed kancel\u00e1\u0159e (100m2) je ur\u010deno pro styk s na\u0161imi klienty. Ve zb\u00fdvaj\u00edc\u00edch dvou podla\u017e\u00edch jsou pracovny advok\u00e1t\u016f, koncipient\u016f a ostatn\u00ed z\u00e1zem\u00ed firmy.<\/p><p style=\"text-align: justify;\">T\u00fdm kancel\u00e1\u0159e tvo\u0159\u00ed vedle JUDr. V\u00e1clava Pe\u0148\u00e1ze dal\u0161\u00ed \u010dty\u0159i spolupracuj\u00edc\u00ed advok\u00e1ti, dva advok\u00e1tn\u00ed koncipienti, tajemnice kancel\u00e1\u0159e, administrativn\u00ed pracovnice pro v\u011bci \u00fa\u010detn\u00ed a n\u011bkolik praktikant\u016f z \u0159ad student\u016f pr\u00e1vnick\u00e9 fakulty.<\/p>\t\t\t\t\t\t<\/div>\n\t\t\t\t<\/div>\n\t\t\t\t\t<\/div>\n\t\t\t\t<\/div>\n\t\t\t\t\t\t\t<\/div>\n\t\t","protected":false},"excerpt":{"rendered":"<p>Historie a profil firmy Advok\u00e1t JUDr. V\u00e1clav Pe\u0148\u00e1z a jeho kancel\u00e1\u0159 stabiln\u011b a nep\u0159etr\u017eit\u011b p\u016fsob\u00ed na trhu pr\u00e1vn\u00edch slu\u017eeb v \u010cesk\u00e9 republice od roku 1990. S\u00eddlem kancel\u00e1\u0159e je od jej\u00edho zalo\u017een\u00ed Brno. Za dobu sv\u00e9 \u010dinnosti kancel\u00e1\u0159 \u00fasp\u011b\u0161n\u011b \u0159e\u0161ila n\u011bkolik tis\u00edc pr\u00e1vn\u00edch p\u0159\u00edpad\u016f v oblasti obchodn\u00edho, ob\u010dansk\u00e9ho a pracovn\u00edho pr\u00e1va, jako\u017e i\u00a0navazuj\u00edc\u00edch pr\u00e1vn\u00edch obor\u016f. Dobr\u00fdch&hellip;&nbsp;<a href=\"https:\/\/www.penaz.cz\/\" class=\"\" rel=\"bookmark\">\u010c\u00edst d\u00e1le &raquo;<span class=\"screen-reader-text\"><\/span><\/a><\/p>\n","protected":false},"author":1,"featured_media":0,"parent":0,"menu_order":0,"comment_status":"closed","ping_status":"closed","template":"","meta":{"neve_meta_sidebar":"","neve_meta_container":"","neve_meta_enable_content_width":"","neve_meta_content_width":0,"neve_meta_title_alignment":"","neve_meta_author_avatar":"","neve_post_elements_order":"","neve_meta_disable_header":"","neve_meta_disable_footer":"","neve_meta_disable_title":"","footnotes":""},"class_list":["post-11","page","type-page","status-publish","hentry"],"_links":{"self":[{"href":"https:\/\/www.penaz.cz\/index.php?rest_route=\/wp\/v2\/pages\/11","targetHints":{"allow":["GET"]}}],"collection":[{"href":"https:\/\/www.penaz.cz\/index.php?rest_route=\/wp\/v2\/pages"}],"about":[{"href":"https:\/\/www.penaz.cz\/index.php?rest_route=\/wp\/v2\/types\/page"}],"author":[{"embeddable":true,"href":"https:\/\/www.penaz.cz\/index.php?rest_route=\/wp\/v2\/users\/1"}],"replies":[{"embeddable":true,"href":"https:\/\/www.penaz.cz\/index.php?rest_route=%2Fwp%2Fv2%2Fcomments&post=11"}],"version-history":[{"count":44,"href":"https:\/\/www.penaz.cz\/index.php?rest_route=\/wp\/v2\/pages\/11\/revisions"}],"predecessor-version":[{"id":419,"href":"https:\/\/www.penaz.cz\/index.php?rest_route=\/wp\/v2\/pages\/11\/revisions\/419"}],"wp:attachment":[{"href":"https:\/\/www.penaz.cz\/index.php?rest_route=%2Fwp%2Fv2%2Fmedia&parent=11"}],"curies":[{"name":"wp","href":"https:\/\/api.w.org\/{rel}","templated":true}]}}